{"id":5,"date":"2019-07-04T14:23:38","date_gmt":"2019-07-04T12:23:38","guid":{"rendered":"https:\/\/www.arthotel-bremen.de\/?page_id=5"},"modified":"2025-07-22T08:14:02","modified_gmt":"2025-07-22T06:14:02","slug":"homepage","status":"publish","type":"page","link":"https:\/\/www.turmhotel-weserblick-bremen.de\/en\/","title":{"rendered":"Homepage"},"content":{"rendered":"<div style=\"height:50px\" aria-hidden=\"true\" class=\"wp-block-spacer\"><\/div>\n\n\n\n\n\n<\/p>\n\n\n\n<div id=\"booknow\" style=\"position:relative;padding-bottom: 130px;\"><div style=\"position:absolute;width:100%;z-index: 100;\"><iframe loading=\"lazy\" src=\"https:\/\/www.dhob.de\/bhash=bbg7bct1623403565-ch_l=2\" width=\"100%\" height=\"100%\" name=\"bookingbox\" scrolling=\"no\" marginheight=\"0\" marginwidth=\"0\" frameborder=\"0\" style=\"min-height: 550px;\"><\/iframe><\/div><\/div>\n\n\n<p>\n\n\n\n<div style=\"height:56px\" aria-hidden=\"true\" class=\"wp-block-spacer service-icons\"><\/div>\n\n\n\n<h2><strong>Turmhotel Weserblick Bremen \u2013 Ihr Hotel direkt an der Weser<\/strong> &nbsp; <\/h2>\n\n\n\n<p>Das <strong>Turmhotel Weserblick Bremen<\/strong> liegt in einmaliger Lage <strong>direkt an der Weser<\/strong>, zwischen dem <strong>Weserstadion<\/strong> und der <strong>historischen Bremer Altstadt<\/strong>. Diese zentrale Lage macht unser Hotel zum idealen Ausgangspunkt f\u00fcr <strong>St\u00e4dtereisende<\/strong>, <strong>Fu\u00dfballfans<\/strong>, <strong>Gesch\u00e4ftsreisende<\/strong> und <strong>Kulturinteressierte<\/strong>. &nbsp;<\/p>\n\n\n\n<h3>Historisches Hotel in Bremen seit 1880<\/h3>\n\n\n\n<p class=\" translation-block\">Unser Haus ist das <strong>\u00e4lteste Hotelgeb\u00e4ude Bremens<\/strong> \u2013 erbaut im Jahr <strong>1880<\/strong> \u2013 und vereint historischen Charme mit modernem Komfort. \u00dcbernachten Sie in einem einzigartigen Ambiente mit Geschichte.<\/p>\n\n\n\n<h3>Exklusive Turmzimmer &amp; einzigartiges Turmverlies<\/h3>\n\n\n\n<p>Ein besonderes Highlight unseres Hauses sind die stilvoll eingerichteten <strong>Tower Rooms<\/strong> mit einem atemberaubenden Blick auf die Weser. Sie bieten eine au\u00dfergew\u00f6hnliche Atmosph\u00e4re f\u00fcr G\u00e4ste, die das Besondere suchen. &nbsp; <br>F\u00fcr Abenteuerlustige und Neugierige h\u00e4lt das Turmhotel ein weiteres Unikat bereit: <br>das geheimnisvolle <strong>Dungeon Tower Room<\/strong> \u2013 ein historisch inspirierter Raum, der bei F\u00fchrungen oder auf Anfrage erlebbar ist. Ein echtes Erlebnis f\u00fcr G\u00e4ste mit Sinn f\u00fcr Geschichte und Spannung. &nbsp;<\/p>\n\n\n\n<h3>Zentrale Lage mit optimaler Anbindung<\/h3>\n\n\n\n<p>Von unserem Hotel erreichen Sie bequem zu Fu\u00df: &nbsp;<\/p>\n\n\n\n<ul><li>das <strong>Weserstadion<\/strong> &nbsp;<\/li><li>die <strong>Bremer Innenstadt<\/strong> mit Sehensw\u00fcrdigkeiten wie dem Roland, dem Rathaus und den Stadtmusikanten &nbsp;<\/li><li>das beliebte Szeneviertel <strong>\u201edas Viertel\u201c<\/strong> mit zahlreichen Bars, Restaurants und Caf\u00e9s &nbsp;<\/li><\/ul>\n\n\n\n<p>Die <strong>Stra\u00dfenbahnhaltestelle \u201eSielwall\u201c<\/strong> (Linien 2, 3 und 10) ist nur <strong>ca. 400 Meter<\/strong> entfernt und bringt Sie schnell in andere Stadtteile oder zum <strong>Hauptbahnhof Bremen<\/strong>. &nbsp;<\/p>\n\n\n\n<h3>Komfortabler Aufenthalt zu fairen Preisen<\/h3>\n\n\n\n<ul><li><strong>Check-in<\/strong>: ab 14:00 Uhr &nbsp;<\/li><li><strong>Check-out<\/strong>: bis 11:00 Uhr &nbsp;<\/li><\/ul>\n\n\n\n<p>Wir bieten Ihnen ein ausgezeichnetes <strong>Preis-Leistungs-Verh\u00e4ltnis<\/strong>. Bei einer <strong>Direktbuchung \u00fcber unsere Website<\/strong> garantieren wir Ihnen stets den <strong>besten verf\u00fcgbaren Preis<\/strong>. &nbsp;<\/p>\n\n\n\n<h3>Teil der Hotelgruppe Kelber Bremen<\/h3>\n\n\n\n<p>Das Turmhotel Weserblick ist ein <strong>Mitglied der Hotelgruppe Kelber Bremen<\/strong> und eine <strong>Dependance des artHotel Bremen<\/strong>. Profitieren Sie von unserem Netzwerk und der hohen Qualit\u00e4t, die alle unsere H\u00e4user verbindet.<\/p>\n\n\n\n<div style=\"height:47px\" aria-hidden=\"true\" class=\"wp-block-spacer\"><\/div>\n\n\n\n<p><em> <\/em><\/p>\n\n\n\n<div style=\"padding:20px; background-color: rgba(0,0,0,.5); background-position: center center; background-image: url(https:\/\/www.turmhotel-weserblick-bremen.de\/wp-content\/uploads\/2021\/12\/IMG_1279_photo.jpg);\"><iframe loading=\"lazy\" src=\"https:\/\/www.dhob.de\/bwhash=g8ds46lket49qrt34\" width=\"190\" height=\"316\" name=\"bewertungsbox\" scrolling=\"no\" marginheight=\"0\" marginwidth=\"0\" frameborder=\"0\"><\/iframe><\/div>\n\n\n\n<div style=\"height:70px\" aria-hidden=\"true\" class=\"wp-block-spacer\"><\/div>","protected":false},"excerpt":{"rendered":"<p>Turmhotel Weserblick Bremen \u2013 Ihr Hotel direkt an der Weser &nbsp; Das Turmhotel Weserblick Bremen liegt in einmaliger Lage direkt an der Weser, zwischen dem Weserstadion und der historischen Bremer &#8230; <\/p>\n<div class=\"text-center\"><a class=\"more-link\" href=\"https:\/\/www.turmhotel-weserblick-bremen.de\/en\/\">Mehr erfahren <i class=\"fa fa-angle-double-right\"><\/i><\/a><\/div>","protected":false},"author":1,"featured_media":0,"parent":0,"menu_order":0,"comment_status":"closed","ping_status":"closed","template":"template-homepage.php","meta":[],"_links":{"self":[{"href":"https:\/\/www.turmhotel-weserblick-bremen.de\/en\/wp-json\/wp\/v2\/pages\/5"}],"collection":[{"href":"https:\/\/www.turmhotel-weserblick-bremen.de\/en\/wp-json\/wp\/v2\/pages"}],"about":[{"href":"https:\/\/www.turmhotel-weserblick-bremen.de\/en\/wp-json\/wp\/v2\/types\/page"}],"author":[{"embeddable":true,"href":"https:\/\/www.turmhotel-weserblick-bremen.de\/en\/wp-json\/wp\/v2\/users\/1"}],"replies":[{"embeddable":true,"href":"https:\/\/www.turmhotel-weserblick-bremen.de\/en\/wp-json\/wp\/v2\/comments?post=5"}],"version-history":[{"count":51,"href":"https:\/\/www.turmhotel-weserblick-bremen.de\/en\/wp-json\/wp\/v2\/pages\/5\/revisions"}],"predecessor-version":[{"id":1025,"href":"https:\/\/www.turmhotel-weserblick-bremen.de\/en\/wp-json\/wp\/v2\/pages\/5\/revisions\/1025"}],"wp:attachment":[{"href":"https:\/\/www.turmhotel-weserblick-bremen.de\/en\/wp-json\/wp\/v2\/media?parent=5"}],"curies":[{"name":"wp","href":"https:\/\/api.w.org\/{rel}","templated":true}]}}