{"id":661,"date":"2021-05-19T16:30:47","date_gmt":"2021-05-19T14:30:47","guid":{"rendered":"https:\/\/www.arthotel-bremen.de\/?page_id=661"},"modified":"2023-12-23T11:09:01","modified_gmt":"2023-12-23T10:09:01","slug":"preise","status":"publish","type":"page","link":"https:\/\/www.turmhotel-weserblick-bremen.de\/en\/preise\/","title":{"rendered":"Prices"},"content":{"rendered":"<p>Alle Preise verstehen sich exkl. Fr\u00fchst\u00fcck und inkl. Citysteuer und Mehrwertsteuer. Angaben ohne Gew\u00e4hr. <br>Die Preise sind unverbindlich und stellen ab-Preise dar. Ein verbindlicher Preis wird Ihnen auf der Buchungsseite angezeigt oder von der Reservierungsabteilung per Email oder am Telefon genannt.<\/p>\n\n\n\n<p><strong>Comfort Rooms<\/strong>:<br><br>Einzelbelegung: ab 76,00 EUR<br>Doppelbelegung: ab 91,00 EUR<br>Dreibettzimmer: ab 106,00 EUR (nach Verf\u00fcgbarkeit)<br>Vierbettzimmer: ab 121,00 EUR (nach Verf\u00fcgbarkeit)<\/p>\n\n\n\n<p><br><strong>Tower Rooms and Tower Dungeon Room<\/strong>:<br><br>Einzelbelegung: ab 86,00 EUR<br>Doppelbelegung: ab 101,00 EUR<\/p>\n\n\n\n<p>Terms of cancellation: The booking can be cancelled free of charge until 10 a.m. the day prior the scheduled Date of arrival. In case of a no-show or a cancellation after the aforementioned time, the hotel may charge 80% of the room rate.<\/p>\n\n\n\n<p>Prices for additional services and daily rates, which may vary, can be found on our booking portal.<a href=\"https:\/\/www.turmhotel-weserblick-bremen.de\/en\/jetzt-online-buchen\/\">hier<\/a>\u201c. <\/p>","protected":false},"excerpt":{"rendered":"<p>Alle Preise verstehen sich exkl. Fr\u00fchst\u00fcck und inkl. Citysteuer und Mehrwertsteuer. Angaben ohne Gew\u00e4hr. Die Preise sind unverbindlich und stellen ab-Preise dar. Ein verbindlicher Preis wird Ihnen auf der Buchungsseite &#8230; <\/p>\n<div class=\"text-center\"><a class=\"more-link\" href=\"https:\/\/www.turmhotel-weserblick-bremen.de\/en\/preise\/\">Mehr erfahren <i class=\"fa fa-angle-double-right\"><\/i><\/a><\/div>","protected":false},"author":1,"featured_media":0,"parent":0,"menu_order":0,"comment_status":"closed","ping_status":"closed","template":"","meta":[],"_links":{"self":[{"href":"https:\/\/www.turmhotel-weserblick-bremen.de\/en\/wp-json\/wp\/v2\/pages\/661"}],"collection":[{"href":"https:\/\/www.turmhotel-weserblick-bremen.de\/en\/wp-json\/wp\/v2\/pages"}],"about":[{"href":"https:\/\/www.turmhotel-weserblick-bremen.de\/en\/wp-json\/wp\/v2\/types\/page"}],"author":[{"embeddable":true,"href":"https:\/\/www.turmhotel-weserblick-bremen.de\/en\/wp-json\/wp\/v2\/users\/1"}],"replies":[{"embeddable":true,"href":"https:\/\/www.turmhotel-weserblick-bremen.de\/en\/wp-json\/wp\/v2\/comments?post=661"}],"version-history":[{"count":7,"href":"https:\/\/www.turmhotel-weserblick-bremen.de\/en\/wp-json\/wp\/v2\/pages\/661\/revisions"}],"predecessor-version":[{"id":1021,"href":"https:\/\/www.turmhotel-weserblick-bremen.de\/en\/wp-json\/wp\/v2\/pages\/661\/revisions\/1021"}],"wp:attachment":[{"href":"https:\/\/www.turmhotel-weserblick-bremen.de\/en\/wp-json\/wp\/v2\/media?parent=661"}],"curies":[{"name":"wp","href":"https:\/\/api.w.org\/{rel}","templated":true}]}}